{"id":10817,"date":"2025-07-17T09:48:02","date_gmt":"2025-07-17T06:48:02","guid":{"rendered":"https:\/\/beautybykouki.gr\/?post_type=product&#038;p=10817"},"modified":"2025-11-12T16:00:57","modified_gmt":"2025-11-12T13:00:57","slug":"creme-reparatrice-50ml","status":"publish","type":"product","link":"https:\/\/beautybykouki.gr\/en\/product\/creme-reparatrice-50ml\/","title":{"rendered":"CR\u00c8ME R\u00c9PARATRICE 50ml"},"content":{"rendered":"<h3>CR\u00c8ME R\u00c9PARATRICE Healing \u2013 \u039a\u03c1\u03ad\u03bc\u03b1 \u0391\u03bd\u03b1\u03b4\u03cc\u03bc\u03b7\u03c3\u03b7\u03c2 &amp; \u0395\u03c0\u03b1\u03bd\u03cc\u03c1\u03b8\u03c9\u03c3\u03b7\u03c2 \u0394\u03ad\u03c1\u03bc\u03b1\u03c4\u03bf\u03c2<\/h3>\n<p>\u0397 <strong data-start=\"372\" data-end=\"401\">CR\u00c8ME R\u00c9PARATRICE Healing<\/strong> \u03b5\u03af\u03bd\u03b1\u03b9 \u03bc\u03b9\u03b1 <strong data-start=\"412\" data-end=\"460\">\u03b8\u03b5\u03c1\u03b1\u03c0\u03b5\u03c5\u03c4\u03b9\u03ba\u03ae \u03ba\u03c1\u03ad\u03bc\u03b1 \u03b1\u03bd\u03b1\u03b4\u03cc\u03bc\u03b7\u03c3\u03b7\u03c2 \u03ba\u03b1\u03b9 \u03b5\u03c0\u03b1\u03bd\u03cc\u03c1\u03b8\u03c9\u03c3\u03b7\u03c2<\/strong> \u03b3\u03b9\u03b1 \u03c4\u03bf \u03c0\u03c1\u03cc\u03c3\u03c9\u03c0\u03bf, \u03c3\u03c7\u03b5\u03b4\u03b9\u03b1\u03c3\u03bc\u03ad\u03bd\u03b7 \u03bd\u03b1 \u03c6\u03c1\u03bf\u03bd\u03c4\u03af\u03b6\u03b5\u03b9 <strong data-start=\"502\" data-end=\"554\">\u03c4\u03b1\u03bb\u03b1\u03b9\u03c0\u03c9\u03c1\u03b7\u03bc\u03ad\u03bd\u03b7, \u03b5\u03c5\u03b1\u03af\u03c3\u03b8\u03b7\u03c4\u03b7 \u03ae \u03b5\u03c1\u03b5\u03b8\u03b9\u03c3\u03bc\u03ad\u03bd\u03b7 \u03b5\u03c0\u03b9\u03b4\u03b5\u03c1\u03bc\u03af\u03b4\u03b1<\/strong>. \u0397 \u03c3\u03cd\u03bd\u03b8\u03b5\u03c3\u03ae \u03c4\u03b7\u03c2 \u03c3\u03c5\u03bd\u03b4\u03c5\u03ac\u03b6\u03b5\u03b9 <strong data-start=\"580\" data-end=\"616\">\u03c6\u03c5\u03c4\u03b9\u03ba\u03ac \u03b5\u03ba\u03c7\u03c5\u03bb\u03af\u03c3\u03bc\u03b1\u03c4\u03b1 \u03ba\u03b1\u03b9 \u03b2\u03b9\u03c4\u03b1\u03bc\u03af\u03bd\u03b5\u03c2<\/strong> \u03b3\u03b9\u03b1 <strong data-start=\"621\" data-end=\"668\">\u03b2\u03b1\u03b8\u03b9\u03ac \u03b1\u03bd\u03b1\u03b3\u03ad\u03bd\u03bd\u03b7\u03c3\u03b7, \u03b5\u03bd\u03c5\u03b4\u03ac\u03c4\u03c9\u03c3\u03b7 \u03ba\u03b1\u03b9 \u03ba\u03b1\u03c4\u03b1\u03c0\u03c1\u03ac\u03c5\u03bd\u03c3\u03b7<\/strong>, \u03c0\u03c1\u03bf\u03c3\u03c4\u03b1\u03c4\u03b5\u03cd\u03bf\u03bd\u03c4\u03b1\u03c2 \u03ba\u03b1\u03b9 \u03b5\u03bd\u03b9\u03c3\u03c7\u03cd\u03bf\u03bd\u03c4\u03b1\u03c2 \u03c4\u03bf\u03bd \u03c6\u03c5\u03c3\u03b9\u03ba\u03cc \u03c6\u03c1\u03b1\u03b3\u03bc\u03cc \u03c4\u03bf\u03c5 \u03b4\u03ad\u03c1\u03bc\u03b1\u03c4\u03bf\u03c2.<\/p>\n<p data-start=\"1238\" data-end=\"1256\"><strong data-start=\"1238\" data-end=\"1254\">\u0399\u03b4\u03b1\u03bd\u03b9\u03ba\u03ae \u03b3\u03b9\u03b1:<\/strong><\/p>\n<ul data-start=\"1257\" data-end=\"1463\">\n<li data-start=\"1257\" data-end=\"1294\">\n<p data-start=\"1259\" data-end=\"1294\">\u0395\u03c5\u03b1\u03af\u03c3\u03b8\u03b7\u03c4\u03b7 \u03ae \u03b5\u03c1\u03b5\u03b8\u03b9\u03c3\u03bc\u03ad\u03bd\u03b7 \u03b5\u03c0\u03b9\u03b4\u03b5\u03c1\u03bc\u03af\u03b4\u03b1<\/p>\n<\/li>\n<li data-start=\"1295\" data-end=\"1345\">\n<p data-start=\"1297\" data-end=\"1345\">\u039c\u03b5\u03c4\u03ac \u03b1\u03c0\u03cc \u03b1\u03b9\u03c3\u03b8\u03b7\u03c4\u03b9\u03ba\u03ad\u03c2 \u03ae \u03b4\u03b5\u03c1\u03bc\u03b1\u03c4\u03bf\u03bb\u03bf\u03b3\u03b9\u03ba\u03ad\u03c2 \u03b8\u03b5\u03c1\u03b1\u03c0\u03b5\u03af\u03b5\u03c2<\/p>\n<\/li>\n<li data-start=\"1346\" data-end=\"1403\">\n<p data-start=\"1348\" data-end=\"1403\">\u039e\u03b7\u03c1\u03ae, \u03b1\u03c6\u03c5\u03b4\u03b1\u03c4\u03c9\u03bc\u03ad\u03bd\u03b7 \u03ae \u03bc\u03b5 \u03c4\u03ac\u03c3\u03b7 \u03b3\u03b9\u03b1 \u03ba\u03bf\u03ba\u03ba\u03b9\u03bd\u03af\u03bb\u03b5\u03c2 \u03b5\u03c0\u03b9\u03b4\u03b5\u03c1\u03bc\u03af\u03b4\u03b1<\/p>\n<\/li>\n<li data-start=\"1404\" data-end=\"1463\">\n<p data-start=\"1406\" data-end=\"1463\">\u0395\u03bd\u03af\u03c3\u03c7\u03c5\u03c3\u03b7 \u03ba\u03b1\u03b9 \u03c0\u03c1\u03bf\u03c3\u03c4\u03b1\u03c3\u03af\u03b1 \u03c4\u03bf\u03c5 \u03c6\u03c5\u03c3\u03b9\u03ba\u03bf\u03cd \u03c6\u03c1\u03b1\u03b3\u03bc\u03bf\u03cd \u03c4\u03bf\u03c5 \u03b4\u03ad\u03c1\u03bc\u03b1\u03c4\u03bf\u03c2<\/p>\n<\/li>\n<\/ul>\n<p data-start=\"1465\" data-end=\"1638\"><strong data-start=\"1465\" data-end=\"1483\">\u03a4\u03c1\u03cc\u03c0\u03bf\u03c2 \u03a7\u03c1\u03ae\u03c3\u03b7\u03c2:<\/strong><br data-start=\"1483\" data-end=\"1486\" \/>\u0395\u03c6\u03b1\u03c1\u03bc\u03cc\u03c3\u03c4\u03b5 <strong data-start=\"1496\" data-end=\"1514\">\u03c0\u03c1\u03c9\u03af \u03ba\u03b1\u03b9 \u03b2\u03c1\u03ac\u03b4\u03c5<\/strong> \u03c3\u03b5 \u03ba\u03b1\u03b8\u03b1\u03c1\u03ae, \u03c3\u03c4\u03b5\u03b3\u03bd\u03ae \u03b5\u03c0\u03b9\u03b4\u03b5\u03c1\u03bc\u03af\u03b4\u03b1 \u03bc\u03b5 \u03b1\u03c0\u03b1\u03bb\u03ad\u03c2 \u03ba\u03b9\u03bd\u03ae\u03c3\u03b5\u03b9\u03c2. \u0391\u03c0\u03bf\u03c6\u03cd\u03b3\u03b5\u03c4\u03b5 \u03c4\u03b7\u03bd \u03c0\u03b5\u03c1\u03b9\u03bf\u03c7\u03ae \u03b3\u03cd\u03c1\u03c9 \u03b1\u03c0\u03cc \u03c4\u03b1 \u03bc\u03ac\u03c4\u03b9\u03b1. \u039a\u03b1\u03c4\u03ac\u03bb\u03bb\u03b7\u03bb\u03b7 \u03b3\u03b9\u03b1 \u03ba\u03b1\u03b8\u03b7\u03bc\u03b5\u03c1\u03b9\u03bd\u03ae \u03c7\u03c1\u03ae\u03c3\u03b7.<\/p>\n<p data-start=\"1640\" data-end=\"1663\">\n","protected":false},"excerpt":{"rendered":"<p>CR\u00c8ME R\u00c9PARATRICE Healing \u2013 \u039a\u03c1\u03ad\u03bc\u03b1 \u0391\u03bd\u03b1\u03b4\u03cc\u03bc\u03b7\u03c3\u03b7\u03c2 &amp; \u0395\u03c0\u03b1\u03bd\u03cc\u03c1\u03b8\u03c9\u03c3\u03b7\u03c2 \u0394\u03ad\u03c1\u03bc\u03b1\u03c4\u03bf\u03c2 \u0397 CR\u00c8ME R\u00c9PARATRICE Healing \u03b5\u03af\u03bd\u03b1\u03b9 \u03bc\u03b9\u03b1 \u03b8\u03b5\u03c1\u03b1\u03c0\u03b5\u03c5\u03c4\u03b9\u03ba\u03ae \u03ba\u03c1\u03ad\u03bc\u03b1 \u03b1\u03bd\u03b1\u03b4\u03cc\u03bc\u03b7\u03c3\u03b7\u03c2 \u03ba\u03b1\u03b9 \u03b5\u03c0\u03b1\u03bd\u03cc\u03c1\u03b8\u03c9\u03c3\u03b7\u03c2 \u03b3\u03b9\u03b1 \u03c4\u03bf \u03c0\u03c1\u03cc\u03c3\u03c9\u03c0\u03bf, \u03c3\u03c7\u03b5\u03b4\u03b9\u03b1\u03c3\u03bc\u03ad\u03bd\u03b7 \u03bd\u03b1 \u03c6\u03c1\u03bf\u03bd\u03c4\u03af\u03b6\u03b5\u03b9 \u03c4\u03b1\u03bb\u03b1\u03b9\u03c0\u03c9\u03c1\u03b7\u03bc\u03ad\u03bd\u03b7, \u03b5\u03c5\u03b1\u03af\u03c3\u03b8\u03b7\u03c4\u03b7 \u03ae \u03b5\u03c1\u03b5\u03b8\u03b9\u03c3\u03bc\u03ad\u03bd\u03b7 \u03b5\u03c0\u03b9\u03b4\u03b5\u03c1\u03bc\u03af\u03b4\u03b1. \u0397 \u03c3\u03cd\u03bd\u03b8\u03b5\u03c3\u03ae \u03c4\u03b7\u03c2 \u03c3\u03c5\u03bd\u03b4\u03c5\u03ac\u03b6\u03b5\u03b9 \u03c6\u03c5\u03c4\u03b9\u03ba\u03ac \u03b5\u03ba\u03c7\u03c5\u03bb\u03af\u03c3\u03bc\u03b1\u03c4\u03b1 \u03ba\u03b1\u03b9 \u03b2\u03b9\u03c4\u03b1\u03bc\u03af\u03bd\u03b5\u03c2 \u03b3\u03b9\u03b1 \u03b2\u03b1\u03b8\u03b9\u03ac \u03b1\u03bd\u03b1\u03b3\u03ad\u03bd\u03bd\u03b7\u03c3\u03b7, \u03b5\u03bd\u03c5\u03b4\u03ac\u03c4\u03c9\u03c3\u03b7 \u03ba\u03b1\u03b9 \u03ba\u03b1\u03c4\u03b1\u03c0\u03c1\u03ac\u03c5\u03bd\u03c3\u03b7, \u03c0\u03c1\u03bf\u03c3\u03c4\u03b1\u03c4\u03b5\u03cd\u03bf\u03bd\u03c4\u03b1\u03c2 \u03ba\u03b1\u03b9 \u03b5\u03bd\u03b9\u03c3\u03c7\u03cd\u03bf\u03bd\u03c4\u03b1\u03c2 \u03c4\u03bf\u03bd \u03c6\u03c5\u03c3\u03b9\u03ba\u03cc \u03c6\u03c1\u03b1\u03b3\u03bc\u03cc \u03c4\u03bf\u03c5 \u03b4\u03ad\u03c1\u03bc\u03b1\u03c4\u03bf\u03c2. \u0399\u03b4\u03b1\u03bd\u03b9\u03ba\u03ae \u03b3\u03b9\u03b1: [&hellip;]<\/p>\n","protected":false},"featured_media":10818,"template":"","meta":[],"product_brand":[],"product_cat":[58],"product_tag":[],"class_list":{"0":"post-10817","1":"product","2":"type-product","3":"status-publish","4":"has-post-thumbnail","6":"product_cat-anaplastikes","8":"first","9":"instock","10":"shipping-taxable","11":"purchasable","12":"product-type-simple"},"_links":{"self":[{"href":"https:\/\/beautybykouki.gr\/en\/wp-json\/wp\/v2\/product\/10817","targetHints":{"allow":["GET"]}}],"collection":[{"href":"https:\/\/beautybykouki.gr\/en\/wp-json\/wp\/v2\/product"}],"about":[{"href":"https:\/\/beautybykouki.gr\/en\/wp-json\/wp\/v2\/types\/product"}],"wp:featuredmedia":[{"embeddable":true,"href":"https:\/\/beautybykouki.gr\/en\/wp-json\/wp\/v2\/media\/10818"}],"wp:attachment":[{"href":"https:\/\/beautybykouki.gr\/en\/wp-json\/wp\/v2\/media?parent=10817"}],"wp:term":[{"taxonomy":"product_brand","embeddable":true,"href":"https:\/\/beautybykouki.gr\/en\/wp-json\/wp\/v2\/product_brand?post=10817"},{"taxonomy":"product_cat","embeddable":true,"href":"https:\/\/beautybykouki.gr\/en\/wp-json\/wp\/v2\/product_cat?post=10817"},{"taxonomy":"product_tag","embeddable":true,"href":"https:\/\/beautybykouki.gr\/en\/wp-json\/wp\/v2\/product_tag?post=10817"}],"curies":[{"name":"wp","href":"https:\/\/api.w.org\/{rel}","templated":true}]}}